{"id":15634,"date":"2015-06-10T16:52:45","date_gmt":"2015-06-10T16:52:45","guid":{"rendered":"http:\/\/www.bhbrastec.com.br\/?page_id=15634"},"modified":"2024-04-25T10:31:48","modified_gmt":"2024-04-25T13:31:48","slug":"assistencia-tecnica-cook-top-bosch","status":"publish","type":"page","link":"https:\/\/www.bhbrastec.com.br\/index.php\/assistencia-tecnica-cook-top-bosch\/","title":{"rendered":"Assist\u00eancia T\u00e9cnica Cook Top Bosch"},"content":{"rendered":"<h2>Assist\u00eancia T\u00e9cnica Cook Top Bosch<\/h2>\n<p>Manuten\u00e7\u00e3o, reparos, instala\u00e7\u00e3o, conserto de Cook Top Bosch e Assist\u00eancia T\u00e9cnica Cook Top Bosch. Seu Cook Top Bosch funcionando corretamente. Atendemos BH e Regi\u00e3o.<\/p>\n<p>A BH BRASTEC \u00e9 a sua melhor op\u00e7\u00e3o em conserto de Cook Top Bosch. Com uma an\u00e1lise eficaz e diagn\u00f3stico preciso, fazemos reparos, consertos e troca de pe\u00e7as originais e instala\u00e7\u00e3o do seu Cook Top Bosch para deix\u00e1-lo em perfeito funcionamento.<\/p>\n<p>Nossa equipe \u00e9 treinada e experiente e segue as recomenda\u00e7\u00f5es das F\u00e1bricas ao realizar consertos e reparos em Cook Top da marca Bosch.<\/p>\n<p>Hoje, na sua grande maioria, os eletrodom\u00e9sticos usam tecnologias modernas onde prezam a praticidade e economia.<br \/>\nA BH BRASTEC ASSIST\u00caNCIA T\u00c9CNICA COOK TOP BOSCH, tem acompanhado essa evolu\u00e7\u00e3o, e disp\u00f5e de uma equipe de t\u00e9cnicos qualificados cordiais e experientes para lhes dar um excelente atendimento, na hora da necessidade.<\/p>\n<p>Algumas dicas j\u00e1 bem conhecidas s\u00e3o necess\u00e1rias para o bom funcionamento dos eletrodom\u00e9sticos.<br \/>\nExemplo: Lembre-se de manter o registro do botij\u00e3o de g\u00e1s sempre fechado ao sair de casa por um longo per\u00edodo; n\u00e3o deixe crian\u00e7as pequenas pr\u00f3ximas do fog\u00e3o; se a chama n\u00e3o estiver azul, pode ser sinal de sujeira ou entupimento. Chame a BH Brastec Assist\u00eancia T\u00e9cnica Cook Top Bosch.<\/p>\n<p>Atendemos resid\u00eancias, bares, restaurantes, hot\u00e9is, lanchonetes etc com cordialidade, agilidade e efici\u00eancia, a BH BRASTEC ir\u00e1 atend\u00ea-lo na sua necessidade de ter seu aparelho ou equipamento em perfeito funcionamento.<\/p>\n<p>Entre em contato agora mesmo e solicite seu or\u00e7amento: (31) 9 9655-6131.<br \/>\nNosso endere\u00e7o: <strong>Avenida Oleg\u00e1rio Maciel, 742 &#8211; Loja 1087 &#8211; Mercado Novo &#8211; Belo Horizonte<\/strong><\/p>\n<p style=\"text-align: center;\">EM BH, ATENDEMOS AOS BAIRROS:<br \/>\n<strong><span style=\"color: #ff0000;\">SION, BELVEDERE, GRAJA\u00da, CIDADE JARDIM, SANTO ANTONIO, LOURDES, ANCHIETA, SALGADO FILHO, CAI\u00c7ARA, SANTO ANDR\u00c9, CENTRO, LUXEMBURGO, TODA REGI\u00c3O DA PAMPULHA, BARREIRO, SANTA L\u00daCIA, S\u00c3O BENTO CIDADE NOVA, GUARANI, IPIRANGA, S\u00c3O PAULO, DONA CLARA, SANTA AM\u00c9LIA. C\u00c9U AZUL E OUTROS<\/span><\/strong><\/p>\n<p style=\"text-align: center;\">A BH <a href=\"http:\/\/www.brastecassistenciatecnica.com.br\" target=\"_blank\" rel=\"noopener noreferrer\">BRASTEC<\/a> ASSIST\u00caNCIA T\u00c9CNICA est\u00e1 aqui para lhe servir, trabalhamos com com diversas formas de pagamento:<br \/>\n<strong>dinheiro, cart\u00e3o ou cheque e prazo<\/strong>, se precisar, ligue agora:<\/p>\n<h1 style=\"text-align: center;\"><span style=\"color: #ff0000;\"><strong>(31) 9 9655-6131<\/strong><\/span><\/h1>\n<p style=\"text-align: center;\"><strong>Cordialidade no atendimento, confian\u00e7a nos reparos e consertos e troca de pe\u00e7as.<br \/>\n<a href=\"http:\/\/www.bhbrastec.com.br\/wp-content\/uploads\/2015\/06\/assistencia-tecnica-cook-top-bosch.jpg\"><img loading=\"lazy\" decoding=\"async\" class=\"aligncenter size-medium wp-image-16105\" src=\"http:\/\/www.bhbrastec.com.br\/wp-content\/uploads\/2015\/06\/assistencia-tecnica-cook-top-bosch.jpg\" alt=\"Assist\u00eancia T\u00e9cnica Cook Top Bosch\" width=\"920\" height=\"355\" srcset=\"https:\/\/www.bhbrastec.com.br\/wp-content\/uploads\/2015\/06\/assistencia-tecnica-cook-top-bosch.jpg 920w, https:\/\/www.bhbrastec.com.br\/wp-content\/uploads\/2015\/06\/assistencia-tecnica-cook-top-bosch-300x116.jpg 300w\" sizes=\"(max-width: 920px) 100vw, 920px\" \/><\/a><br \/>\n<\/strong><\/p>\n","protected":false},"excerpt":{"rendered":"<p>Assist\u00eancia T\u00e9cnica Cook Top Bosch Manuten\u00e7\u00e3o, reparos, instala\u00e7\u00e3o, conserto de Cook Top Bosch e Assist\u00eancia T\u00e9cnica Cook Top Bosch. Seu Cook Top Bosch funcionando corretamente. Atendemos BH e Regi\u00e3o. A BH BRASTEC \u00e9 a sua melhor op\u00e7\u00e3o em conserto de<\/p>\n","protected":false},"author":1,"featured_media":0,"parent":0,"menu_order":0,"comment_status":"closed","ping_status":"open","template":"","meta":{"_joinchat":[],"footnotes":""},"yoast_head":"<!-- This site is optimized with the Yoast SEO plugin v24.3 - https:\/\/yoast.com\/wordpress\/plugins\/seo\/ -->\n<title>Assist\u00eancia T\u00e9cnica Cook Top Bosch (31) 9 9655-6131<\/title>\n<meta name=\"description\" content=\"Manuten\u00e7\u00e3o, conserto, instala\u00e7\u00e3o, Assist\u00eancia T\u00e9cnica Cook Top Bosch. Fog\u00e3o Cook Top Bosch funcionando corretamente. Atendo BH\/Regi\u00e3o. Fone (31) 9 9655-6131\" \/>\n<meta name=\"robots\" content=\"index, follow, max-snippet:-1, max-image-preview:large, max-video-preview:-1\" \/>\n<link rel=\"canonical\" href=\"https:\/\/www.bhbrastec.com.br\/index.php\/assistencia-tecnica-cook-top-bosch\/\" \/>\n<meta property=\"og:locale\" content=\"pt_BR\" \/>\n<meta property=\"og:type\" content=\"article\" \/>\n<meta property=\"og:title\" content=\"Assist\u00eancia T\u00e9cnica Cook Top Bosch (31) 9 9655-6131\" \/>\n<meta property=\"og:description\" content=\"Manuten\u00e7\u00e3o, conserto, instala\u00e7\u00e3o, Assist\u00eancia T\u00e9cnica Cook Top Bosch. Fog\u00e3o Cook Top Bosch funcionando corretamente. Atendo BH\/Regi\u00e3o. Fone (31) 9 9655-6131\" \/>\n<meta property=\"og:url\" content=\"https:\/\/www.bhbrastec.com.br\/index.php\/assistencia-tecnica-cook-top-bosch\/\" \/>\n<meta property=\"og:site_name\" content=\"Consertos de Fog\u00f5es BH - BH Brastec\" \/>\n<meta property=\"article:modified_time\" content=\"2024-04-25T13:31:48+00:00\" \/>\n<meta property=\"og:image\" content=\"http:\/\/www.bhbrastec.com.br\/wp-content\/uploads\/2015\/06\/assistencia-tecnica-cook-top-bosch.jpg\" \/>\n<meta name=\"twitter:card\" content=\"summary_large_image\" \/>\n<meta name=\"twitter:label1\" content=\"Est. tempo de leitura\" \/>\n\t<meta name=\"twitter:data1\" content=\"2 minutos\" \/>\n<script type=\"application\/ld+json\" class=\"yoast-schema-graph\">{\"@context\":\"https:\/\/schema.org\",\"@graph\":[{\"@type\":\"WebPage\",\"@id\":\"https:\/\/www.bhbrastec.com.br\/index.php\/assistencia-tecnica-cook-top-bosch\/\",\"url\":\"https:\/\/www.bhbrastec.com.br\/index.php\/assistencia-tecnica-cook-top-bosch\/\",\"name\":\"Assist\u00eancia T\u00e9cnica Cook Top Bosch (31) 9 9655-6131\",\"isPartOf\":{\"@id\":\"https:\/\/www.bhbrastec.com.br\/#website\"},\"primaryImageOfPage\":{\"@id\":\"https:\/\/www.bhbrastec.com.br\/index.php\/assistencia-tecnica-cook-top-bosch\/#primaryimage\"},\"image\":{\"@id\":\"https:\/\/www.bhbrastec.com.br\/index.php\/assistencia-tecnica-cook-top-bosch\/#primaryimage\"},\"thumbnailUrl\":\"http:\/\/www.bhbrastec.com.br\/wp-content\/uploads\/2015\/06\/assistencia-tecnica-cook-top-bosch.jpg\",\"datePublished\":\"2015-06-10T16:52:45+00:00\",\"dateModified\":\"2024-04-25T13:31:48+00:00\",\"description\":\"Manuten\u00e7\u00e3o, conserto, instala\u00e7\u00e3o, Assist\u00eancia T\u00e9cnica Cook Top Bosch. Fog\u00e3o Cook Top Bosch funcionando corretamente. Atendo BH\/Regi\u00e3o. Fone (31) 9 9655-6131\",\"breadcrumb\":{\"@id\":\"https:\/\/www.bhbrastec.com.br\/index.php\/assistencia-tecnica-cook-top-bosch\/#breadcrumb\"},\"inLanguage\":\"pt-BR\",\"potentialAction\":[{\"@type\":\"ReadAction\",\"target\":[\"https:\/\/www.bhbrastec.com.br\/index.php\/assistencia-tecnica-cook-top-bosch\/\"]}]},{\"@type\":\"ImageObject\",\"inLanguage\":\"pt-BR\",\"@id\":\"https:\/\/www.bhbrastec.com.br\/index.php\/assistencia-tecnica-cook-top-bosch\/#primaryimage\",\"url\":\"http:\/\/www.bhbrastec.com.br\/wp-content\/uploads\/2015\/06\/assistencia-tecnica-cook-top-bosch.jpg\",\"contentUrl\":\"http:\/\/www.bhbrastec.com.br\/wp-content\/uploads\/2015\/06\/assistencia-tecnica-cook-top-bosch.jpg\"},{\"@type\":\"BreadcrumbList\",\"@id\":\"https:\/\/www.bhbrastec.com.br\/index.php\/assistencia-tecnica-cook-top-bosch\/#breadcrumb\",\"itemListElement\":[{\"@type\":\"ListItem\",\"position\":1,\"name\":\"In\u00edcio\",\"item\":\"https:\/\/www.bhbrastec.com.br\/\"},{\"@type\":\"ListItem\",\"position\":2,\"name\":\"Assist\u00eancia T\u00e9cnica Cook Top Bosch\"}]},{\"@type\":\"WebSite\",\"@id\":\"https:\/\/www.bhbrastec.com.br\/#website\",\"url\":\"https:\/\/www.bhbrastec.com.br\/\",\"name\":\"Consertos de Fog\u00f5es BH - BH Brastec\",\"description\":\"Conserto de Fog\u00f5es Multimarcas - BH Brastec\",\"publisher\":{\"@id\":\"https:\/\/www.bhbrastec.com.br\/#organization\"},\"potentialAction\":[{\"@type\":\"SearchAction\",\"target\":{\"@type\":\"EntryPoint\",\"urlTemplate\":\"https:\/\/www.bhbrastec.com.br\/?s={search_term_string}\"},\"query-input\":{\"@type\":\"PropertyValueSpecification\",\"valueRequired\":true,\"valueName\":\"search_term_string\"}}],\"inLanguage\":\"pt-BR\"},{\"@type\":\"Organization\",\"@id\":\"https:\/\/www.bhbrastec.com.br\/#organization\",\"name\":\"Consertos de Fog\u00f5es BH - BH Brastec\",\"url\":\"https:\/\/www.bhbrastec.com.br\/\",\"logo\":{\"@type\":\"ImageObject\",\"inLanguage\":\"pt-BR\",\"@id\":\"https:\/\/www.bhbrastec.com.br\/#\/schema\/logo\/image\/\",\"url\":\"https:\/\/www.bhbrastec.com.br\/wp-content\/uploads\/2015\/07\/bh-brastec-logo.png\",\"contentUrl\":\"https:\/\/www.bhbrastec.com.br\/wp-content\/uploads\/2015\/07\/bh-brastec-logo.png\",\"width\":940,\"height\":60,\"caption\":\"Consertos de Fog\u00f5es BH - BH Brastec\"},\"image\":{\"@id\":\"https:\/\/www.bhbrastec.com.br\/#\/schema\/logo\/image\/\"}}]}<\/script>\n<!-- \/ Yoast SEO plugin. -->","yoast_head_json":{"title":"Assist\u00eancia T\u00e9cnica Cook Top Bosch (31) 9 9655-6131","description":"Manuten\u00e7\u00e3o, conserto, instala\u00e7\u00e3o, Assist\u00eancia T\u00e9cnica Cook Top Bosch. Fog\u00e3o Cook Top Bosch funcionando corretamente. Atendo BH\/Regi\u00e3o. Fone (31) 9 9655-6131","robots":{"index":"index","follow":"follow","max-snippet":"max-snippet:-1","max-image-preview":"max-image-preview:large","max-video-preview":"max-video-preview:-1"},"canonical":"https:\/\/www.bhbrastec.com.br\/index.php\/assistencia-tecnica-cook-top-bosch\/","og_locale":"pt_BR","og_type":"article","og_title":"Assist\u00eancia T\u00e9cnica Cook Top Bosch (31) 9 9655-6131","og_description":"Manuten\u00e7\u00e3o, conserto, instala\u00e7\u00e3o, Assist\u00eancia T\u00e9cnica Cook Top Bosch. Fog\u00e3o Cook Top Bosch funcionando corretamente. Atendo BH\/Regi\u00e3o. Fone (31) 9 9655-6131","og_url":"https:\/\/www.bhbrastec.com.br\/index.php\/assistencia-tecnica-cook-top-bosch\/","og_site_name":"Consertos de Fog\u00f5es BH - BH Brastec","article_modified_time":"2024-04-25T13:31:48+00:00","og_image":[{"url":"http:\/\/www.bhbrastec.com.br\/wp-content\/uploads\/2015\/06\/assistencia-tecnica-cook-top-bosch.jpg","type":"","width":"","height":""}],"twitter_card":"summary_large_image","twitter_misc":{"Est. tempo de leitura":"2 minutos"},"schema":{"@context":"https:\/\/schema.org","@graph":[{"@type":"WebPage","@id":"https:\/\/www.bhbrastec.com.br\/index.php\/assistencia-tecnica-cook-top-bosch\/","url":"https:\/\/www.bhbrastec.com.br\/index.php\/assistencia-tecnica-cook-top-bosch\/","name":"Assist\u00eancia T\u00e9cnica Cook Top Bosch (31) 9 9655-6131","isPartOf":{"@id":"https:\/\/www.bhbrastec.com.br\/#website"},"primaryImageOfPage":{"@id":"https:\/\/www.bhbrastec.com.br\/index.php\/assistencia-tecnica-cook-top-bosch\/#primaryimage"},"image":{"@id":"https:\/\/www.bhbrastec.com.br\/index.php\/assistencia-tecnica-cook-top-bosch\/#primaryimage"},"thumbnailUrl":"http:\/\/www.bhbrastec.com.br\/wp-content\/uploads\/2015\/06\/assistencia-tecnica-cook-top-bosch.jpg","datePublished":"2015-06-10T16:52:45+00:00","dateModified":"2024-04-25T13:31:48+00:00","description":"Manuten\u00e7\u00e3o, conserto, instala\u00e7\u00e3o, Assist\u00eancia T\u00e9cnica Cook Top Bosch. Fog\u00e3o Cook Top Bosch funcionando corretamente. Atendo BH\/Regi\u00e3o. Fone (31) 9 9655-6131","breadcrumb":{"@id":"https:\/\/www.bhbrastec.com.br\/index.php\/assistencia-tecnica-cook-top-bosch\/#breadcrumb"},"inLanguage":"pt-BR","potentialAction":[{"@type":"ReadAction","target":["https:\/\/www.bhbrastec.com.br\/index.php\/assistencia-tecnica-cook-top-bosch\/"]}]},{"@type":"ImageObject","inLanguage":"pt-BR","@id":"https:\/\/www.bhbrastec.com.br\/index.php\/assistencia-tecnica-cook-top-bosch\/#primaryimage","url":"http:\/\/www.bhbrastec.com.br\/wp-content\/uploads\/2015\/06\/assistencia-tecnica-cook-top-bosch.jpg","contentUrl":"http:\/\/www.bhbrastec.com.br\/wp-content\/uploads\/2015\/06\/assistencia-tecnica-cook-top-bosch.jpg"},{"@type":"BreadcrumbList","@id":"https:\/\/www.bhbrastec.com.br\/index.php\/assistencia-tecnica-cook-top-bosch\/#breadcrumb","itemListElement":[{"@type":"ListItem","position":1,"name":"In\u00edcio","item":"https:\/\/www.bhbrastec.com.br\/"},{"@type":"ListItem","position":2,"name":"Assist\u00eancia T\u00e9cnica Cook Top Bosch"}]},{"@type":"WebSite","@id":"https:\/\/www.bhbrastec.com.br\/#website","url":"https:\/\/www.bhbrastec.com.br\/","name":"Consertos de Fog\u00f5es BH - BH Brastec","description":"Conserto de Fog\u00f5es Multimarcas - BH Brastec","publisher":{"@id":"https:\/\/www.bhbrastec.com.br\/#organization"},"potentialAction":[{"@type":"SearchAction","target":{"@type":"EntryPoint","urlTemplate":"https:\/\/www.bhbrastec.com.br\/?s={search_term_string}"},"query-input":{"@type":"PropertyValueSpecification","valueRequired":true,"valueName":"search_term_string"}}],"inLanguage":"pt-BR"},{"@type":"Organization","@id":"https:\/\/www.bhbrastec.com.br\/#organization","name":"Consertos de Fog\u00f5es BH - BH Brastec","url":"https:\/\/www.bhbrastec.com.br\/","logo":{"@type":"ImageObject","inLanguage":"pt-BR","@id":"https:\/\/www.bhbrastec.com.br\/#\/schema\/logo\/image\/","url":"https:\/\/www.bhbrastec.com.br\/wp-content\/uploads\/2015\/07\/bh-brastec-logo.png","contentUrl":"https:\/\/www.bhbrastec.com.br\/wp-content\/uploads\/2015\/07\/bh-brastec-logo.png","width":940,"height":60,"caption":"Consertos de Fog\u00f5es BH - BH Brastec"},"image":{"@id":"https:\/\/www.bhbrastec.com.br\/#\/schema\/logo\/image\/"}}]}},"_links":{"self":[{"href":"https:\/\/www.bhbrastec.com.br\/index.php\/wp-json\/wp\/v2\/pages\/15634"}],"collection":[{"href":"https:\/\/www.bhbrastec.com.br\/index.php\/wp-json\/wp\/v2\/pages"}],"about":[{"href":"https:\/\/www.bhbrastec.com.br\/index.php\/wp-json\/wp\/v2\/types\/page"}],"author":[{"embeddable":true,"href":"https:\/\/www.bhbrastec.com.br\/index.php\/wp-json\/wp\/v2\/users\/1"}],"replies":[{"embeddable":true,"href":"https:\/\/www.bhbrastec.com.br\/index.php\/wp-json\/wp\/v2\/comments?post=15634"}],"version-history":[{"count":9,"href":"https:\/\/www.bhbrastec.com.br\/index.php\/wp-json\/wp\/v2\/pages\/15634\/revisions"}],"predecessor-version":[{"id":16574,"href":"https:\/\/www.bhbrastec.com.br\/index.php\/wp-json\/wp\/v2\/pages\/15634\/revisions\/16574"}],"wp:attachment":[{"href":"https:\/\/www.bhbrastec.com.br\/index.php\/wp-json\/wp\/v2\/media?parent=15634"}],"curies":[{"name":"wp","href":"https:\/\/api.w.org\/{rel}","templated":true}]}}