{"id":15598,"date":"2015-06-09T20:08:26","date_gmt":"2015-06-09T20:08:26","guid":{"rendered":"http:\/\/www.bhbrastec.com.br\/?page_id=15598"},"modified":"2024-04-25T10:31:49","modified_gmt":"2024-04-25T13:31:49","slug":"conserto-de-coifas","status":"publish","type":"page","link":"https:\/\/www.bhbrastec.com.br\/index.php\/conserto-de-coifas\/","title":{"rendered":"Conserto de Coifas"},"content":{"rendered":"<h2>Conserto de Coifas<\/h2>\n<p>A BH BRASTEC \u00e9 a sua melhor op\u00e7\u00e3o em conserto de Coifas multimarcas.<\/p>\n<p>Nossa equipe \u00e9 treinada e experiente e segue as recomenda\u00e7\u00f5es das F\u00e1bricas ao realizar consertos e reparos em Coifas.<br \/>\nQuando os dutos se encontram sujos levam para o ambiente v\u00e1rios tipos de materiais nocivos \u00e0 sa\u00fade: \u00e1caros, fungos, bact\u00e9rias, fibras de vidro, res\u00edduos de insetos mortos etc.<\/p>\n<p>A forma\u00e7\u00e3o de dep\u00f3sito de gorduras e \u00f3leos, nas coifas e dutos, e o resultado de uma manuten\u00e7\u00e3o inadequada e da falta de limpeza peri\u00f3dica, pode se tornar um foco de inc\u00eandio ou contribuir como elemento para sua propaga\u00e7\u00e3o.<br \/>\nO risco de inc\u00eandios em cozinhas, decorre da presen\u00e7a de uma fonte de calor associadas a elementos combust\u00edveis, como gordura e \u00f3leos de coc\u00e7\u00e3o, que inflamar-se e permitir o alastramento do inc\u00eandio, atingindo coifas, dutos ou mesmo a totalidade das instala\u00e7\u00f5es. A presen\u00e7a de material combust\u00edvel \u00e0 temperatura igual ou superior ao seu ponto de combust\u00e3o e a exist\u00eancia de superf\u00edcies aquecidas, causam a retomada do inc\u00eandio, mesmo ap\u00f3s sua extin\u00e7\u00e3o inicial.<\/p>\n<p>Atendendo com cordialidade, agilidade e efici\u00eancia, a BH BRASTEC ir\u00e1 atend\u00ea-lo na sua necessidade de ter sua Coifa em perfeito funcionamento. Conserto de Coifas com agilidade e efici\u00eancia.<br \/>\nRestaurantes, Bares, Lanchonetes, Hot\u00e9is, Padarias etc podem contar com nossa qualidade, agilidade e pre\u00e7o justo.<\/p>\n<p>Ligue nos agora atendemos nos principais Bairros de BH, Nova Lima, Venda Nova, e em Condom\u00ednios diversos de Lagoa Santa, Betim, Contagem, Vespasiano e Ibirit\u00e9.<br \/>\nNosso endere\u00e7o: <strong>Avenida Oleg\u00e1rio Maciel, 742 &#8211; Loja 1087 &#8211; Mercado Novo &#8211; Belo Horizonte<\/strong><\/p>\n<p style=\"text-align: center;\">EM BH, ATENDEMOS AOS BAIRROS:<br \/>\n<strong><span style=\"color: #ff0000;\">SION, BELVEDERE, GRAJA\u00da, CIDADE JARDIM, SANTO ANTONIO, LOURDES, ANCHIETA, SALGADO FILHO, CAI\u00c7ARA, SANTO ANDR\u00c9, CENTRO, LUXEMBURGO, TODA REGI\u00c3O DA PAMPULHA, BARREIRO, SANTA L\u00daCIA, S\u00c3O BENTO CIDADE NOVA, GUARANI, IPIRANGA, S\u00c3O PAULO, DONA CLARA, SANTA AM\u00c9LIA. C\u00c9U AZUL E OUTROS<\/span><\/strong><\/p>\n<p style=\"text-align: center;\">A BH <a href=\"http:\/\/www.brastecassistenciatecnica.com.br\" target=\"_blank\" rel=\"noopener noreferrer\">BRASTEC<\/a> ASSIST\u00caNCIA T\u00c9CNICA est\u00e1 aqui para lhe servir, trabalhamos com com diversas formas de pagamento:<br \/>\n<strong>dinheiro, cart\u00e3o ou cheque e prazo<\/strong>, se precisar, ligue agora:<\/p>\n<h1 style=\"text-align: center;\"><span style=\"color: #ff0000;\"><strong>(31) 9 9655-6131<\/strong><\/span><\/h1>\n<p style=\"text-align: center;\"><strong>Cordialidade no atendimento, confian\u00e7a nos reparos e consertos e troca de pe\u00e7as.<br \/>\n<a href=\"http:\/\/www.bhbrastec.com.br\/wp-content\/uploads\/2015\/06\/conserto-de-coifa.jpg\"><img loading=\"lazy\" decoding=\"async\" class=\"aligncenter size-medium wp-image-16278\" src=\"http:\/\/www.bhbrastec.com.br\/wp-content\/uploads\/2015\/06\/conserto-de-coifa.jpg\" alt=\"Conserto de Coifas\" width=\"920\" height=\"355\" srcset=\"https:\/\/www.bhbrastec.com.br\/wp-content\/uploads\/2015\/06\/conserto-de-coifa.jpg 920w, https:\/\/www.bhbrastec.com.br\/wp-content\/uploads\/2015\/06\/conserto-de-coifa-300x116.jpg 300w\" sizes=\"(max-width: 920px) 100vw, 920px\" \/><\/a><br \/>\n<\/strong><\/p>\n","protected":false},"excerpt":{"rendered":"<p>Conserto de Coifas A BH BRASTEC \u00e9 a sua melhor op\u00e7\u00e3o em conserto de Coifas multimarcas. Nossa equipe \u00e9 treinada e experiente e segue as recomenda\u00e7\u00f5es das F\u00e1bricas ao realizar consertos e reparos em Coifas. Quando os dutos se encontram<\/p>\n","protected":false},"author":1,"featured_media":0,"parent":0,"menu_order":0,"comment_status":"closed","ping_status":"open","template":"","meta":{"_joinchat":[],"footnotes":""},"yoast_head":"<!-- This site is optimized with the Yoast SEO plugin v24.3 - https:\/\/yoast.com\/wordpress\/plugins\/seo\/ -->\n<title>Conserto de Coifas (31) 9 9655-6131 BH Brastec<\/title>\n<meta name=\"description\" content=\"Pe\u00e7as, manuten\u00e7\u00e3o, assist\u00eancia t\u00e9cnica e conserto de Coifas de Cozinhas industriais ou residenciais. Ligue: (31) 9 9655-6131 BH Brastec \u00e9 sua melhor op\u00e7\u00e3o.\" \/>\n<meta name=\"robots\" content=\"index, follow, max-snippet:-1, max-image-preview:large, max-video-preview:-1\" \/>\n<link rel=\"canonical\" href=\"https:\/\/www.bhbrastec.com.br\/index.php\/conserto-de-coifas\/\" \/>\n<meta property=\"og:locale\" content=\"pt_BR\" \/>\n<meta property=\"og:type\" content=\"article\" \/>\n<meta property=\"og:title\" content=\"Conserto de Coifas (31) 9 9655-6131 BH Brastec\" \/>\n<meta property=\"og:description\" content=\"Pe\u00e7as, manuten\u00e7\u00e3o, assist\u00eancia t\u00e9cnica e conserto de Coifas de Cozinhas industriais ou residenciais. Ligue: (31) 9 9655-6131 BH Brastec \u00e9 sua melhor op\u00e7\u00e3o.\" \/>\n<meta property=\"og:url\" content=\"https:\/\/www.bhbrastec.com.br\/index.php\/conserto-de-coifas\/\" \/>\n<meta property=\"og:site_name\" content=\"Consertos de Fog\u00f5es BH - BH Brastec\" \/>\n<meta property=\"article:modified_time\" content=\"2024-04-25T13:31:49+00:00\" \/>\n<meta property=\"og:image\" content=\"http:\/\/www.bhbrastec.com.br\/wp-content\/uploads\/2015\/06\/conserto-de-coifa.jpg\" \/>\n<meta name=\"twitter:card\" content=\"summary_large_image\" \/>\n<meta name=\"twitter:label1\" content=\"Est. tempo de leitura\" \/>\n\t<meta name=\"twitter:data1\" content=\"2 minutos\" \/>\n<script type=\"application\/ld+json\" class=\"yoast-schema-graph\">{\"@context\":\"https:\/\/schema.org\",\"@graph\":[{\"@type\":\"WebPage\",\"@id\":\"https:\/\/www.bhbrastec.com.br\/index.php\/conserto-de-coifas\/\",\"url\":\"https:\/\/www.bhbrastec.com.br\/index.php\/conserto-de-coifas\/\",\"name\":\"Conserto de Coifas (31) 9 9655-6131 BH Brastec\",\"isPartOf\":{\"@id\":\"https:\/\/www.bhbrastec.com.br\/#website\"},\"primaryImageOfPage\":{\"@id\":\"https:\/\/www.bhbrastec.com.br\/index.php\/conserto-de-coifas\/#primaryimage\"},\"image\":{\"@id\":\"https:\/\/www.bhbrastec.com.br\/index.php\/conserto-de-coifas\/#primaryimage\"},\"thumbnailUrl\":\"http:\/\/www.bhbrastec.com.br\/wp-content\/uploads\/2015\/06\/conserto-de-coifa.jpg\",\"datePublished\":\"2015-06-09T20:08:26+00:00\",\"dateModified\":\"2024-04-25T13:31:49+00:00\",\"description\":\"Pe\u00e7as, manuten\u00e7\u00e3o, assist\u00eancia t\u00e9cnica e conserto de Coifas de Cozinhas industriais ou residenciais. Ligue: (31) 9 9655-6131 BH Brastec \u00e9 sua melhor op\u00e7\u00e3o.\",\"breadcrumb\":{\"@id\":\"https:\/\/www.bhbrastec.com.br\/index.php\/conserto-de-coifas\/#breadcrumb\"},\"inLanguage\":\"pt-BR\",\"potentialAction\":[{\"@type\":\"ReadAction\",\"target\":[\"https:\/\/www.bhbrastec.com.br\/index.php\/conserto-de-coifas\/\"]}]},{\"@type\":\"ImageObject\",\"inLanguage\":\"pt-BR\",\"@id\":\"https:\/\/www.bhbrastec.com.br\/index.php\/conserto-de-coifas\/#primaryimage\",\"url\":\"http:\/\/www.bhbrastec.com.br\/wp-content\/uploads\/2015\/06\/conserto-de-coifa.jpg\",\"contentUrl\":\"http:\/\/www.bhbrastec.com.br\/wp-content\/uploads\/2015\/06\/conserto-de-coifa.jpg\"},{\"@type\":\"BreadcrumbList\",\"@id\":\"https:\/\/www.bhbrastec.com.br\/index.php\/conserto-de-coifas\/#breadcrumb\",\"itemListElement\":[{\"@type\":\"ListItem\",\"position\":1,\"name\":\"In\u00edcio\",\"item\":\"https:\/\/www.bhbrastec.com.br\/\"},{\"@type\":\"ListItem\",\"position\":2,\"name\":\"Conserto de Coifas\"}]},{\"@type\":\"WebSite\",\"@id\":\"https:\/\/www.bhbrastec.com.br\/#website\",\"url\":\"https:\/\/www.bhbrastec.com.br\/\",\"name\":\"Consertos de Fog\u00f5es BH - BH Brastec\",\"description\":\"Conserto de Fog\u00f5es Multimarcas - BH Brastec\",\"publisher\":{\"@id\":\"https:\/\/www.bhbrastec.com.br\/#organization\"},\"potentialAction\":[{\"@type\":\"SearchAction\",\"target\":{\"@type\":\"EntryPoint\",\"urlTemplate\":\"https:\/\/www.bhbrastec.com.br\/?s={search_term_string}\"},\"query-input\":{\"@type\":\"PropertyValueSpecification\",\"valueRequired\":true,\"valueName\":\"search_term_string\"}}],\"inLanguage\":\"pt-BR\"},{\"@type\":\"Organization\",\"@id\":\"https:\/\/www.bhbrastec.com.br\/#organization\",\"name\":\"Consertos de Fog\u00f5es BH - BH Brastec\",\"url\":\"https:\/\/www.bhbrastec.com.br\/\",\"logo\":{\"@type\":\"ImageObject\",\"inLanguage\":\"pt-BR\",\"@id\":\"https:\/\/www.bhbrastec.com.br\/#\/schema\/logo\/image\/\",\"url\":\"https:\/\/www.bhbrastec.com.br\/wp-content\/uploads\/2015\/07\/bh-brastec-logo.png\",\"contentUrl\":\"https:\/\/www.bhbrastec.com.br\/wp-content\/uploads\/2015\/07\/bh-brastec-logo.png\",\"width\":940,\"height\":60,\"caption\":\"Consertos de Fog\u00f5es BH - BH Brastec\"},\"image\":{\"@id\":\"https:\/\/www.bhbrastec.com.br\/#\/schema\/logo\/image\/\"}}]}<\/script>\n<!-- \/ Yoast SEO plugin. -->","yoast_head_json":{"title":"Conserto de Coifas (31) 9 9655-6131 BH Brastec","description":"Pe\u00e7as, manuten\u00e7\u00e3o, assist\u00eancia t\u00e9cnica e conserto de Coifas de Cozinhas industriais ou residenciais. Ligue: (31) 9 9655-6131 BH Brastec \u00e9 sua melhor op\u00e7\u00e3o.","robots":{"index":"index","follow":"follow","max-snippet":"max-snippet:-1","max-image-preview":"max-image-preview:large","max-video-preview":"max-video-preview:-1"},"canonical":"https:\/\/www.bhbrastec.com.br\/index.php\/conserto-de-coifas\/","og_locale":"pt_BR","og_type":"article","og_title":"Conserto de Coifas (31) 9 9655-6131 BH Brastec","og_description":"Pe\u00e7as, manuten\u00e7\u00e3o, assist\u00eancia t\u00e9cnica e conserto de Coifas de Cozinhas industriais ou residenciais. Ligue: (31) 9 9655-6131 BH Brastec \u00e9 sua melhor op\u00e7\u00e3o.","og_url":"https:\/\/www.bhbrastec.com.br\/index.php\/conserto-de-coifas\/","og_site_name":"Consertos de Fog\u00f5es BH - BH Brastec","article_modified_time":"2024-04-25T13:31:49+00:00","og_image":[{"url":"http:\/\/www.bhbrastec.com.br\/wp-content\/uploads\/2015\/06\/conserto-de-coifa.jpg","type":"","width":"","height":""}],"twitter_card":"summary_large_image","twitter_misc":{"Est. tempo de leitura":"2 minutos"},"schema":{"@context":"https:\/\/schema.org","@graph":[{"@type":"WebPage","@id":"https:\/\/www.bhbrastec.com.br\/index.php\/conserto-de-coifas\/","url":"https:\/\/www.bhbrastec.com.br\/index.php\/conserto-de-coifas\/","name":"Conserto de Coifas (31) 9 9655-6131 BH Brastec","isPartOf":{"@id":"https:\/\/www.bhbrastec.com.br\/#website"},"primaryImageOfPage":{"@id":"https:\/\/www.bhbrastec.com.br\/index.php\/conserto-de-coifas\/#primaryimage"},"image":{"@id":"https:\/\/www.bhbrastec.com.br\/index.php\/conserto-de-coifas\/#primaryimage"},"thumbnailUrl":"http:\/\/www.bhbrastec.com.br\/wp-content\/uploads\/2015\/06\/conserto-de-coifa.jpg","datePublished":"2015-06-09T20:08:26+00:00","dateModified":"2024-04-25T13:31:49+00:00","description":"Pe\u00e7as, manuten\u00e7\u00e3o, assist\u00eancia t\u00e9cnica e conserto de Coifas de Cozinhas industriais ou residenciais. Ligue: (31) 9 9655-6131 BH Brastec \u00e9 sua melhor op\u00e7\u00e3o.","breadcrumb":{"@id":"https:\/\/www.bhbrastec.com.br\/index.php\/conserto-de-coifas\/#breadcrumb"},"inLanguage":"pt-BR","potentialAction":[{"@type":"ReadAction","target":["https:\/\/www.bhbrastec.com.br\/index.php\/conserto-de-coifas\/"]}]},{"@type":"ImageObject","inLanguage":"pt-BR","@id":"https:\/\/www.bhbrastec.com.br\/index.php\/conserto-de-coifas\/#primaryimage","url":"http:\/\/www.bhbrastec.com.br\/wp-content\/uploads\/2015\/06\/conserto-de-coifa.jpg","contentUrl":"http:\/\/www.bhbrastec.com.br\/wp-content\/uploads\/2015\/06\/conserto-de-coifa.jpg"},{"@type":"BreadcrumbList","@id":"https:\/\/www.bhbrastec.com.br\/index.php\/conserto-de-coifas\/#breadcrumb","itemListElement":[{"@type":"ListItem","position":1,"name":"In\u00edcio","item":"https:\/\/www.bhbrastec.com.br\/"},{"@type":"ListItem","position":2,"name":"Conserto de Coifas"}]},{"@type":"WebSite","@id":"https:\/\/www.bhbrastec.com.br\/#website","url":"https:\/\/www.bhbrastec.com.br\/","name":"Consertos de Fog\u00f5es BH - BH Brastec","description":"Conserto de Fog\u00f5es Multimarcas - BH Brastec","publisher":{"@id":"https:\/\/www.bhbrastec.com.br\/#organization"},"potentialAction":[{"@type":"SearchAction","target":{"@type":"EntryPoint","urlTemplate":"https:\/\/www.bhbrastec.com.br\/?s={search_term_string}"},"query-input":{"@type":"PropertyValueSpecification","valueRequired":true,"valueName":"search_term_string"}}],"inLanguage":"pt-BR"},{"@type":"Organization","@id":"https:\/\/www.bhbrastec.com.br\/#organization","name":"Consertos de Fog\u00f5es BH - BH Brastec","url":"https:\/\/www.bhbrastec.com.br\/","logo":{"@type":"ImageObject","inLanguage":"pt-BR","@id":"https:\/\/www.bhbrastec.com.br\/#\/schema\/logo\/image\/","url":"https:\/\/www.bhbrastec.com.br\/wp-content\/uploads\/2015\/07\/bh-brastec-logo.png","contentUrl":"https:\/\/www.bhbrastec.com.br\/wp-content\/uploads\/2015\/07\/bh-brastec-logo.png","width":940,"height":60,"caption":"Consertos de Fog\u00f5es BH - BH Brastec"},"image":{"@id":"https:\/\/www.bhbrastec.com.br\/#\/schema\/logo\/image\/"}}]}},"_links":{"self":[{"href":"https:\/\/www.bhbrastec.com.br\/index.php\/wp-json\/wp\/v2\/pages\/15598"}],"collection":[{"href":"https:\/\/www.bhbrastec.com.br\/index.php\/wp-json\/wp\/v2\/pages"}],"about":[{"href":"https:\/\/www.bhbrastec.com.br\/index.php\/wp-json\/wp\/v2\/types\/page"}],"author":[{"embeddable":true,"href":"https:\/\/www.bhbrastec.com.br\/index.php\/wp-json\/wp\/v2\/users\/1"}],"replies":[{"embeddable":true,"href":"https:\/\/www.bhbrastec.com.br\/index.php\/wp-json\/wp\/v2\/comments?post=15598"}],"version-history":[{"count":8,"href":"https:\/\/www.bhbrastec.com.br\/index.php\/wp-json\/wp\/v2\/pages\/15598\/revisions"}],"predecessor-version":[{"id":16636,"href":"https:\/\/www.bhbrastec.com.br\/index.php\/wp-json\/wp\/v2\/pages\/15598\/revisions\/16636"}],"wp:attachment":[{"href":"https:\/\/www.bhbrastec.com.br\/index.php\/wp-json\/wp\/v2\/media?parent=15598"}],"curies":[{"name":"wp","href":"https:\/\/api.w.org\/{rel}","templated":true}]}}