{"id":15588,"date":"2015-06-03T13:30:44","date_gmt":"2015-06-03T13:30:44","guid":{"rendered":"http:\/\/www.bhbrastec.com.br\/?page_id=15588"},"modified":"2024-04-25T10:31:48","modified_gmt":"2024-04-25T13:31:48","slug":"assistencia-tecnica-continental","status":"publish","type":"page","link":"https:\/\/www.bhbrastec.com.br\/index.php\/assistencia-tecnica-continental\/","title":{"rendered":"Assist\u00eancia T\u00e9cnica Continental"},"content":{"rendered":"<h2>Precisando de Assist\u00eancia T\u00e9cnica Continental?<\/h2>\n<p>A BH BRASTEC, especializada em Assist\u00eancia T\u00e9cnica Continental, trabalha com consertos reformas e instala\u00e7\u00f5es de aparelhos da marca Continental como: Geladeiras Continental, Lavadoras Continental Evolution, Fog\u00f5es Continental e Microondas Continental.<br \/>\nNossos t\u00e9cnicos s\u00e3o treinados periodicamente para um melhor atendimento com qualidade e efici\u00eancia no conforto do seu lar.<br \/>\nNosso atendimento \u00e9 com qualidade seguran\u00e7a e garantia. No hor\u00e1rio combinado estaremos a\u00ed.<br \/>\nNossos colaboradores s\u00e3o devidamente identificados e uniformizados para sua melhor seguran\u00e7a.<\/p>\n<p>Nossa empresa j\u00e1 atua h\u00e1 mais de 30 anos na \u00e1rea de Assist\u00eancia T\u00e9cnica Continental, sempre usando pe\u00e7as originais recomendadas pela f\u00e1brica, apontando assim para um servi\u00e7o executado com qualidade e durabilidade.<br \/>\nHoje, na sua grande maioria, os eletrodom\u00e9sticos usam tecnologias modernas onde prezam a praticidade e economia. A BH BRASTEC ASSIST\u00caNCIA T\u00c9CNICA, tem acompanhado essa evolu\u00e7\u00e3o, e disp\u00f5e de uma equipe de t\u00e9cnicos qualificados cordiais e experientes para lhes dar um excelente atendimento, na hora da necessidade.<\/p>\n<p>A Marca Continental \u00e9 uma das f\u00e1bricas de eletrodom\u00e9sticos mais conceituadas no mercado, especialista em Geladeiras, Lavadoras, Fog\u00f5es e Microondas. Todos esses aparelhos s\u00e3o de qualidade comprovada tanto no Brasil com no exterior todos com tecnologia de vanguarda, e ao longo dos anos tornou-se sin\u00f4nimo de qualidade.<\/p>\n<p>Ligue nos agora atendemos nos principais Bairros de BH, Nova Lima, Venda Nova, e em Condom\u00ednios diversos de Lagoa Santa, Betim, Contagem, Vespasiano e Ibirit\u00e9.<br \/>\nNosso endere\u00e7o: <strong>Avenida Oleg\u00e1rio Maciel, 742 \u2013 Loja 1087 \u2013 Mercado Novo \u2013 Belo Horizonte<\/strong><\/p>\n<p style=\"text-align: center;\">EM BH, ATENDEMOS AOS BAIRROS:<br \/>\n<strong><span style=\"color: #ff0000;\">SION, BELVEDERE, GRAJA\u00da, CIDADE JARDIM, SANTO ANTONIO, LOURDES, ANCHIETA, SALGADO FILHO, CAI\u00c7ARA, SANTO ANDR\u00c9, CENTRO, LUXEMBURGO, TODA REGI\u00c3O DA PAMPULHA, BARREIRO, SANTA L\u00daCIA, S\u00c3O BENTO CIDADE NOVA, GUARANI, IPIRANGA, S\u00c3O PAULO, DONA CLARA, SANTA AM\u00c9LIA. C\u00c9U AZUL E OUTROS<\/span><\/strong><\/p>\n<p style=\"text-align: center;\">A BH <a href=\"http:\/\/www.brastecassistenciatecnica.com.br\" target=\"_blank\" rel=\"noopener noreferrer\">BRASTEC<\/a> ASSIST\u00caNCIA T\u00c9CNICA est\u00e1 aqui para lhe servir, trabalhamos com com diversas formas de pagamento:<br \/>\n<strong>dinheiro, cart\u00e3o ou cheque e prazo<\/strong>, se precisar, ligue agora:<\/p>\n<h1 style=\"text-align: center;\"><span style=\"color: #ff0000;\"><strong>(31) 9 9655-6131<\/strong><\/span><\/h1>\n<p style=\"text-align: center;\"><strong>Cordialidade no atendimento, confian\u00e7a nos reparos e consertos e troca de pe\u00e7as.<br \/>\n<a href=\"http:\/\/www.bhbrastec.com.br\/wp-content\/uploads\/2015\/06\/assistencia-tecnica-continental.jpg\"><img loading=\"lazy\" decoding=\"async\" class=\"aligncenter size-medium wp-image-16316\" src=\"http:\/\/www.bhbrastec.com.br\/wp-content\/uploads\/2015\/06\/assistencia-tecnica-continental.jpg\" alt=\"Assist\u00eancia T\u00e9cnica Continental\" width=\"920\" height=\"355\" srcset=\"https:\/\/www.bhbrastec.com.br\/wp-content\/uploads\/2015\/06\/assistencia-tecnica-continental.jpg 920w, https:\/\/www.bhbrastec.com.br\/wp-content\/uploads\/2015\/06\/assistencia-tecnica-continental-300x116.jpg 300w\" sizes=\"(max-width: 920px) 100vw, 920px\" \/><\/a><br \/>\n<\/strong><\/p>\n","protected":false},"excerpt":{"rendered":"<p>Precisando de Assist\u00eancia T\u00e9cnica Continental? A BH BRASTEC, especializada em Assist\u00eancia T\u00e9cnica Continental, trabalha com consertos reformas e instala\u00e7\u00f5es de aparelhos da marca Continental como: Geladeiras Continental, Lavadoras Continental Evolution, Fog\u00f5es Continental e Microondas Continental. Nossos t\u00e9cnicos s\u00e3o treinados periodicamente<\/p>\n","protected":false},"author":1,"featured_media":0,"parent":0,"menu_order":0,"comment_status":"closed","ping_status":"open","template":"","meta":{"_joinchat":[],"footnotes":""},"yoast_head":"<!-- This site is optimized with the Yoast SEO plugin v24.3 - https:\/\/yoast.com\/wordpress\/plugins\/seo\/ -->\n<title>Assist\u00eancia T\u00e9cnica Continental 31 9 9655-6131 BH Brastec<\/title>\n<meta name=\"description\" content=\"BH BRASTEC especializada em Assist\u00eancia T\u00e9cnica Continental trabalha com consertos, reformas e instala\u00e7\u00f5es de aparelhos da marca Continental. 31 9 9655-6131\" \/>\n<meta name=\"robots\" content=\"index, follow, max-snippet:-1, max-image-preview:large, max-video-preview:-1\" \/>\n<link rel=\"canonical\" href=\"https:\/\/www.bhbrastec.com.br\/index.php\/assistencia-tecnica-continental\/\" \/>\n<meta property=\"og:locale\" content=\"pt_BR\" \/>\n<meta property=\"og:type\" content=\"article\" \/>\n<meta property=\"og:title\" content=\"Assist\u00eancia T\u00e9cnica Continental 31 9 9655-6131 BH Brastec\" \/>\n<meta property=\"og:description\" content=\"BH BRASTEC especializada em Assist\u00eancia T\u00e9cnica Continental trabalha com consertos, reformas e instala\u00e7\u00f5es de aparelhos da marca Continental. 31 9 9655-6131\" \/>\n<meta property=\"og:url\" content=\"https:\/\/www.bhbrastec.com.br\/index.php\/assistencia-tecnica-continental\/\" \/>\n<meta property=\"og:site_name\" content=\"Consertos de Fog\u00f5es BH - BH Brastec\" \/>\n<meta property=\"article:modified_time\" content=\"2024-04-25T13:31:48+00:00\" \/>\n<meta property=\"og:image\" content=\"http:\/\/www.bhbrastec.com.br\/wp-content\/uploads\/2015\/06\/assistencia-tecnica-continental.jpg\" \/>\n<meta name=\"twitter:card\" content=\"summary_large_image\" \/>\n<meta name=\"twitter:label1\" content=\"Est. tempo de leitura\" \/>\n\t<meta name=\"twitter:data1\" content=\"2 minutos\" \/>\n<script type=\"application\/ld+json\" class=\"yoast-schema-graph\">{\"@context\":\"https:\/\/schema.org\",\"@graph\":[{\"@type\":\"WebPage\",\"@id\":\"https:\/\/www.bhbrastec.com.br\/index.php\/assistencia-tecnica-continental\/\",\"url\":\"https:\/\/www.bhbrastec.com.br\/index.php\/assistencia-tecnica-continental\/\",\"name\":\"Assist\u00eancia T\u00e9cnica Continental 31 9 9655-6131 BH Brastec\",\"isPartOf\":{\"@id\":\"https:\/\/www.bhbrastec.com.br\/#website\"},\"primaryImageOfPage\":{\"@id\":\"https:\/\/www.bhbrastec.com.br\/index.php\/assistencia-tecnica-continental\/#primaryimage\"},\"image\":{\"@id\":\"https:\/\/www.bhbrastec.com.br\/index.php\/assistencia-tecnica-continental\/#primaryimage\"},\"thumbnailUrl\":\"http:\/\/www.bhbrastec.com.br\/wp-content\/uploads\/2015\/06\/assistencia-tecnica-continental.jpg\",\"datePublished\":\"2015-06-03T13:30:44+00:00\",\"dateModified\":\"2024-04-25T13:31:48+00:00\",\"description\":\"BH BRASTEC especializada em Assist\u00eancia T\u00e9cnica Continental trabalha com consertos, reformas e instala\u00e7\u00f5es de aparelhos da marca Continental. 31 9 9655-6131\",\"breadcrumb\":{\"@id\":\"https:\/\/www.bhbrastec.com.br\/index.php\/assistencia-tecnica-continental\/#breadcrumb\"},\"inLanguage\":\"pt-BR\",\"potentialAction\":[{\"@type\":\"ReadAction\",\"target\":[\"https:\/\/www.bhbrastec.com.br\/index.php\/assistencia-tecnica-continental\/\"]}]},{\"@type\":\"ImageObject\",\"inLanguage\":\"pt-BR\",\"@id\":\"https:\/\/www.bhbrastec.com.br\/index.php\/assistencia-tecnica-continental\/#primaryimage\",\"url\":\"http:\/\/www.bhbrastec.com.br\/wp-content\/uploads\/2015\/06\/assistencia-tecnica-continental.jpg\",\"contentUrl\":\"http:\/\/www.bhbrastec.com.br\/wp-content\/uploads\/2015\/06\/assistencia-tecnica-continental.jpg\"},{\"@type\":\"BreadcrumbList\",\"@id\":\"https:\/\/www.bhbrastec.com.br\/index.php\/assistencia-tecnica-continental\/#breadcrumb\",\"itemListElement\":[{\"@type\":\"ListItem\",\"position\":1,\"name\":\"In\u00edcio\",\"item\":\"https:\/\/www.bhbrastec.com.br\/\"},{\"@type\":\"ListItem\",\"position\":2,\"name\":\"Assist\u00eancia T\u00e9cnica Continental\"}]},{\"@type\":\"WebSite\",\"@id\":\"https:\/\/www.bhbrastec.com.br\/#website\",\"url\":\"https:\/\/www.bhbrastec.com.br\/\",\"name\":\"Consertos de Fog\u00f5es BH - BH Brastec\",\"description\":\"Conserto de Fog\u00f5es Multimarcas - BH Brastec\",\"publisher\":{\"@id\":\"https:\/\/www.bhbrastec.com.br\/#organization\"},\"potentialAction\":[{\"@type\":\"SearchAction\",\"target\":{\"@type\":\"EntryPoint\",\"urlTemplate\":\"https:\/\/www.bhbrastec.com.br\/?s={search_term_string}\"},\"query-input\":{\"@type\":\"PropertyValueSpecification\",\"valueRequired\":true,\"valueName\":\"search_term_string\"}}],\"inLanguage\":\"pt-BR\"},{\"@type\":\"Organization\",\"@id\":\"https:\/\/www.bhbrastec.com.br\/#organization\",\"name\":\"Consertos de Fog\u00f5es BH - BH Brastec\",\"url\":\"https:\/\/www.bhbrastec.com.br\/\",\"logo\":{\"@type\":\"ImageObject\",\"inLanguage\":\"pt-BR\",\"@id\":\"https:\/\/www.bhbrastec.com.br\/#\/schema\/logo\/image\/\",\"url\":\"https:\/\/www.bhbrastec.com.br\/wp-content\/uploads\/2015\/07\/bh-brastec-logo.png\",\"contentUrl\":\"https:\/\/www.bhbrastec.com.br\/wp-content\/uploads\/2015\/07\/bh-brastec-logo.png\",\"width\":940,\"height\":60,\"caption\":\"Consertos de Fog\u00f5es BH - BH Brastec\"},\"image\":{\"@id\":\"https:\/\/www.bhbrastec.com.br\/#\/schema\/logo\/image\/\"}}]}<\/script>\n<!-- \/ Yoast SEO plugin. -->","yoast_head_json":{"title":"Assist\u00eancia T\u00e9cnica Continental 31 9 9655-6131 BH Brastec","description":"BH BRASTEC especializada em Assist\u00eancia T\u00e9cnica Continental trabalha com consertos, reformas e instala\u00e7\u00f5es de aparelhos da marca Continental. 31 9 9655-6131","robots":{"index":"index","follow":"follow","max-snippet":"max-snippet:-1","max-image-preview":"max-image-preview:large","max-video-preview":"max-video-preview:-1"},"canonical":"https:\/\/www.bhbrastec.com.br\/index.php\/assistencia-tecnica-continental\/","og_locale":"pt_BR","og_type":"article","og_title":"Assist\u00eancia T\u00e9cnica Continental 31 9 9655-6131 BH Brastec","og_description":"BH BRASTEC especializada em Assist\u00eancia T\u00e9cnica Continental trabalha com consertos, reformas e instala\u00e7\u00f5es de aparelhos da marca Continental. 31 9 9655-6131","og_url":"https:\/\/www.bhbrastec.com.br\/index.php\/assistencia-tecnica-continental\/","og_site_name":"Consertos de Fog\u00f5es BH - BH Brastec","article_modified_time":"2024-04-25T13:31:48+00:00","og_image":[{"url":"http:\/\/www.bhbrastec.com.br\/wp-content\/uploads\/2015\/06\/assistencia-tecnica-continental.jpg","type":"","width":"","height":""}],"twitter_card":"summary_large_image","twitter_misc":{"Est. tempo de leitura":"2 minutos"},"schema":{"@context":"https:\/\/schema.org","@graph":[{"@type":"WebPage","@id":"https:\/\/www.bhbrastec.com.br\/index.php\/assistencia-tecnica-continental\/","url":"https:\/\/www.bhbrastec.com.br\/index.php\/assistencia-tecnica-continental\/","name":"Assist\u00eancia T\u00e9cnica Continental 31 9 9655-6131 BH Brastec","isPartOf":{"@id":"https:\/\/www.bhbrastec.com.br\/#website"},"primaryImageOfPage":{"@id":"https:\/\/www.bhbrastec.com.br\/index.php\/assistencia-tecnica-continental\/#primaryimage"},"image":{"@id":"https:\/\/www.bhbrastec.com.br\/index.php\/assistencia-tecnica-continental\/#primaryimage"},"thumbnailUrl":"http:\/\/www.bhbrastec.com.br\/wp-content\/uploads\/2015\/06\/assistencia-tecnica-continental.jpg","datePublished":"2015-06-03T13:30:44+00:00","dateModified":"2024-04-25T13:31:48+00:00","description":"BH BRASTEC especializada em Assist\u00eancia T\u00e9cnica Continental trabalha com consertos, reformas e instala\u00e7\u00f5es de aparelhos da marca Continental. 31 9 9655-6131","breadcrumb":{"@id":"https:\/\/www.bhbrastec.com.br\/index.php\/assistencia-tecnica-continental\/#breadcrumb"},"inLanguage":"pt-BR","potentialAction":[{"@type":"ReadAction","target":["https:\/\/www.bhbrastec.com.br\/index.php\/assistencia-tecnica-continental\/"]}]},{"@type":"ImageObject","inLanguage":"pt-BR","@id":"https:\/\/www.bhbrastec.com.br\/index.php\/assistencia-tecnica-continental\/#primaryimage","url":"http:\/\/www.bhbrastec.com.br\/wp-content\/uploads\/2015\/06\/assistencia-tecnica-continental.jpg","contentUrl":"http:\/\/www.bhbrastec.com.br\/wp-content\/uploads\/2015\/06\/assistencia-tecnica-continental.jpg"},{"@type":"BreadcrumbList","@id":"https:\/\/www.bhbrastec.com.br\/index.php\/assistencia-tecnica-continental\/#breadcrumb","itemListElement":[{"@type":"ListItem","position":1,"name":"In\u00edcio","item":"https:\/\/www.bhbrastec.com.br\/"},{"@type":"ListItem","position":2,"name":"Assist\u00eancia T\u00e9cnica Continental"}]},{"@type":"WebSite","@id":"https:\/\/www.bhbrastec.com.br\/#website","url":"https:\/\/www.bhbrastec.com.br\/","name":"Consertos de Fog\u00f5es BH - BH Brastec","description":"Conserto de Fog\u00f5es Multimarcas - BH Brastec","publisher":{"@id":"https:\/\/www.bhbrastec.com.br\/#organization"},"potentialAction":[{"@type":"SearchAction","target":{"@type":"EntryPoint","urlTemplate":"https:\/\/www.bhbrastec.com.br\/?s={search_term_string}"},"query-input":{"@type":"PropertyValueSpecification","valueRequired":true,"valueName":"search_term_string"}}],"inLanguage":"pt-BR"},{"@type":"Organization","@id":"https:\/\/www.bhbrastec.com.br\/#organization","name":"Consertos de Fog\u00f5es BH - BH Brastec","url":"https:\/\/www.bhbrastec.com.br\/","logo":{"@type":"ImageObject","inLanguage":"pt-BR","@id":"https:\/\/www.bhbrastec.com.br\/#\/schema\/logo\/image\/","url":"https:\/\/www.bhbrastec.com.br\/wp-content\/uploads\/2015\/07\/bh-brastec-logo.png","contentUrl":"https:\/\/www.bhbrastec.com.br\/wp-content\/uploads\/2015\/07\/bh-brastec-logo.png","width":940,"height":60,"caption":"Consertos de Fog\u00f5es BH - BH Brastec"},"image":{"@id":"https:\/\/www.bhbrastec.com.br\/#\/schema\/logo\/image\/"}}]}},"_links":{"self":[{"href":"https:\/\/www.bhbrastec.com.br\/index.php\/wp-json\/wp\/v2\/pages\/15588"}],"collection":[{"href":"https:\/\/www.bhbrastec.com.br\/index.php\/wp-json\/wp\/v2\/pages"}],"about":[{"href":"https:\/\/www.bhbrastec.com.br\/index.php\/wp-json\/wp\/v2\/types\/page"}],"author":[{"embeddable":true,"href":"https:\/\/www.bhbrastec.com.br\/index.php\/wp-json\/wp\/v2\/users\/1"}],"replies":[{"embeddable":true,"href":"https:\/\/www.bhbrastec.com.br\/index.php\/wp-json\/wp\/v2\/comments?post=15588"}],"version-history":[{"count":11,"href":"https:\/\/www.bhbrastec.com.br\/index.php\/wp-json\/wp\/v2\/pages\/15588\/revisions"}],"predecessor-version":[{"id":16572,"href":"https:\/\/www.bhbrastec.com.br\/index.php\/wp-json\/wp\/v2\/pages\/15588\/revisions\/16572"}],"wp:attachment":[{"href":"https:\/\/www.bhbrastec.com.br\/index.php\/wp-json\/wp\/v2\/media?parent=15588"}],"curies":[{"name":"wp","href":"https:\/\/api.w.org\/{rel}","templated":true}]}}